{"id":3706,"date":"2014-10-17T10:58:26","date_gmt":"2014-10-17T08:58:26","guid":{"rendered":"http:\/\/www.charmedbyspain.com\/homepage-2\/"},"modified":"2017-11-15T12:55:24","modified_gmt":"2017-11-15T11:55:24","slug":"inicio","status":"publish","type":"page","link":"https:\/\/www.charmedbyspain.com\/es\/","title":{"rendered":"INICIO"},"content":{"rendered":"<p><a href=\"http:\/\/www.charmedbyspain.com\/wp-content\/uploads\/2014\/10\/shutterstock_133790012.jpg\"><img loading=\"lazy\" decoding=\"async\" class=\"alignnone size-medium wp-image-3547\" src=\"http:\/\/www.charmedbyspain.com\/wp-content\/uploads\/2014\/10\/shutterstock_133790012-300x200.jpg\" alt=\"shutterstock_133790012\" width=\"300\" height=\"200\" \/><\/a><\/p>\n\n\t\t\t<!-- START homeslider REVOLUTION SLIDER 6.6.10 --><p class=\"rs-p-wp-fix\"><\/p>\n\t\t\t<rs-module-wrap id=\"rev_slider_1_1_wrapper\" data-source=\"gallery\" style=\"visibility:hidden;background:#E9E9E9;padding:0;\">\n\t\t\t\t<rs-module id=\"rev_slider_1_1\" style=\"\" data-version=\"6.6.10\">\n\t\t\t\t\t<rs-slides style=\"overflow: hidden; position: absolute;\">\n\t\t\t\t\t\t<rs-slide style=\"position: absolute;\" data-key=\"rs-3\" data-title=\"Slide\" data-anim=\"ms:300;\" data-in=\"x:100%;\">\n\t\t\t\t\t\t\t<img decoding=\"async\" src=\"\/\/www.charmedbyspain.com\/wp-content\/plugins\/revslider\/public\/assets\/assets\/dummy.png\" alt=\"\" title=\"INICIO\" class=\"rev-slidebg tp-rs-img rs-lazyload\" data-lazyload=\"\/\/www.charmedbyspain.com\/wp-content\/uploads\/2017\/11\/shutterstock_136878059-e1510739410328.jpg\" data-bg=\"p:center top;\" data-no-retina>\n<!--\n\t\t\t\t\t\t\t--><rs-layer\n\t\t\t\t\t\t\t\tid=\"slider-1-slide-3-layer-1\" \n\t\t\t\t\t\t\t\tclass=\"largetext01\"\n\t\t\t\t\t\t\t\tdata-type=\"text\"\n\t\t\t\t\t\t\t\tdata-color=\"#ffffff\"\n\t\t\t\t\t\t\t\tdata-rsp_ch=\"on\"\n\t\t\t\t\t\t\t\tdata-xy=\"x:c;y:c;yo:-50px;\"\n\t\t\t\t\t\t\t\tdata-text=\"s:60;l:40;fw:700;\"\n\t\t\t\t\t\t\t\tdata-frame_1=\"st:1000;\"\n\t\t\t\t\t\t\t\tdata-frame_999=\"st:w;auto:true;\"\n\t\t\t\t\t\t\t\tstyle=\"z-index:5;font-family:'Arial';text-shadow:rgba(0, 0, 0, 0.498039) 0px 2px 5px;white-space:nowrap;\"\n\t\t\t\t\t\t\t>In your journey, \n\t\t\t\t\t\t\t<\/rs-layer><!--\n\n\t\t\t\t\t\t\t--><rs-layer\n\t\t\t\t\t\t\t\tid=\"slider-1-slide-3-layer-2\" \n\t\t\t\t\t\t\t\tclass=\"largetext01\"\n\t\t\t\t\t\t\t\tdata-type=\"text\"\n\t\t\t\t\t\t\t\tdata-color=\"#ffffff\"\n\t\t\t\t\t\t\t\tdata-rsp_ch=\"on\"\n\t\t\t\t\t\t\t\tdata-xy=\"x:c;y:c;\"\n\t\t\t\t\t\t\t\tdata-text=\"s:60;l:40;fw:700;\"\n\t\t\t\t\t\t\t\tdata-frame_1=\"st:2000;\"\n\t\t\t\t\t\t\t\tdata-frame_999=\"st:w;auto:true;\"\n\t\t\t\t\t\t\t\tstyle=\"z-index:6;font-family:'Arial';text-shadow:rgba(0, 0, 0, 0.498039) 0px 2px 5px;white-space:nowrap;\"\n\t\t\t\t\t\t\t>look at the world with eyes of wonder. \n\t\t\t\t\t\t\t<\/rs-layer><!--\n\n\t\t\t\t\t\t\t--><rs-layer\n\t\t\t\t\t\t\t\tid=\"slider-1-slide-3-layer-3\" \n\t\t\t\t\t\t\t\tclass=\"black\"\n\t\t\t\t\t\t\t\tdata-type=\"text\"\n\t\t\t\t\t\t\t\tdata-color=\"#000\"\n\t\t\t\t\t\t\t\tdata-rsp_ch=\"on\"\n\t\t\t\t\t\t\t\tdata-xy=\"x:c;y:c;yo:50px;\"\n\t\t\t\t\t\t\t\tdata-frame_1=\"st:2500;\"\n\t\t\t\t\t\t\t\tdata-frame_999=\"st:w;auto:true;\"\n\t\t\t\t\t\t\t\tstyle=\"z-index:7;font-family:'Roboto';text-shadow:none;\"\n\t\t\t\t\t\t\t><a href='http:\/\/www.charmedbyspain.com\/destinations\/' class='tp-button small'>DESTINATIONS<\/a> \n\t\t\t\t\t\t\t<\/rs-layer><!--\n-->\t\t\t\t\t\t<\/rs-slide>\n\t\t\t\t\t\t<rs-slide style=\"position: absolute;\" data-key=\"rs-9\" data-title=\"Slide\" data-anim=\"d:100;ms:1500;f:center;\" data-in=\"prst:rndany;o:0;r:cyc(10|6|3|0|-3|-6|-10);sx:1.5;sy:1.2;m:true;col:7;\">\n\t\t\t\t\t\t\t<img decoding=\"async\" src=\"\/\/www.charmedbyspain.com\/wp-content\/plugins\/revslider\/public\/assets\/assets\/dummy.png\" alt=\"\" title=\"INICIO\" class=\"rev-slidebg tp-rs-img rs-lazyload\" data-lazyload=\"\/\/www.charmedbyspain.com\/wp-content\/uploads\/2017\/11\/shutterstock_99670445-e1510739511875.jpg\" data-bg=\"p:center top;\" data-no-retina>\n<!--\n\t\t\t\t\t\t\t--><rs-layer\n\t\t\t\t\t\t\t\tid=\"slider-1-slide-9-layer-1\" \n\t\t\t\t\t\t\t\tclass=\"largetext01\"\n\t\t\t\t\t\t\t\tdata-type=\"text\"\n\t\t\t\t\t\t\t\tdata-color=\"#ffffff\"\n\t\t\t\t\t\t\t\tdata-rsp_ch=\"on\"\n\t\t\t\t\t\t\t\tdata-xy=\"x:c;y:c;\"\n\t\t\t\t\t\t\t\tdata-text=\"s:60;l:40;fw:700;\"\n\t\t\t\t\t\t\t\tdata-frame_1=\"st:1000;\"\n\t\t\t\t\t\t\t\tdata-frame_999=\"st:w;auto:true;\"\n\t\t\t\t\t\t\t\tstyle=\"z-index:5;font-family:'Arial';text-shadow:rgba(0, 0, 0, 0.498039) 0px 2px 5px;white-space:nowrap;\"\n\t\t\t\t\t\t\t>Live each day to the fullest... \n\t\t\t\t\t\t\t<\/rs-layer><!--\n\n\t\t\t\t\t\t\t--><rs-layer\n\t\t\t\t\t\t\t\tid=\"slider-1-slide-9-layer-2\" \n\t\t\t\t\t\t\t\tclass=\"black\"\n\t\t\t\t\t\t\t\tdata-type=\"text\"\n\t\t\t\t\t\t\t\tdata-color=\"#000\"\n\t\t\t\t\t\t\t\tdata-rsp_ch=\"on\"\n\t\t\t\t\t\t\t\tdata-xy=\"x:c;y:c;yo:50px;\"\n\t\t\t\t\t\t\t\tdata-frame_1=\"st:2000;\"\n\t\t\t\t\t\t\t\tdata-frame_999=\"st:w;auto:true;\"\n\t\t\t\t\t\t\t\tstyle=\"z-index:6;font-family:'Roboto';text-shadow:none;\"\n\t\t\t\t\t\t\t><a href='http:\/\/www.charmedbyspain.com\/experiences\/' class='tp-button small'>EXPERIENCES<\/a> \n\t\t\t\t\t\t\t<\/rs-layer><!--\n-->\t\t\t\t\t\t<\/rs-slide>\n\t\t\t\t\t\t<rs-slide style=\"position: absolute;\" data-key=\"rs-5\" data-title=\"Slide\" data-anim=\"ms:300;\" data-in=\"x:-100%;\">\n\t\t\t\t\t\t\t<img decoding=\"async\" src=\"\/\/www.charmedbyspain.com\/wp-content\/plugins\/revslider\/public\/assets\/assets\/dummy.png\" alt=\"\" title=\"INICIO\" class=\"rev-slidebg tp-rs-img rs-lazyload\" data-lazyload=\"\/\/www.charmedbyspain.com\/wp-content\/uploads\/2015\/04\/shutterstock_27518293-e1510739605882.jpg\" data-bg=\"p:center top;\" data-no-retina>\n<!--\n\t\t\t\t\t\t\t--><rs-layer\n\t\t\t\t\t\t\t\tid=\"slider-1-slide-5-layer-1\" \n\t\t\t\t\t\t\t\tclass=\"largetext01\"\n\t\t\t\t\t\t\t\tdata-type=\"text\"\n\t\t\t\t\t\t\t\tdata-color=\"#ffffff\"\n\t\t\t\t\t\t\t\tdata-rsp_ch=\"on\"\n\t\t\t\t\t\t\t\tdata-xy=\"x:c;y:c;\"\n\t\t\t\t\t\t\t\tdata-text=\"s:60;l:40;fw:700;\"\n\t\t\t\t\t\t\t\tdata-frame_1=\"st:1000;\"\n\t\t\t\t\t\t\t\tdata-frame_999=\"st:w;auto:true;\"\n\t\t\t\t\t\t\t\tstyle=\"z-index:5;font-family:'Arial';text-shadow:rgba(0, 0, 0, 0.498039) 0px 2px 5px;white-space:nowrap;\"\n\t\t\t\t\t\t\t>... and enjoy every moment. \n\t\t\t\t\t\t\t<\/rs-layer><!--\n\n\t\t\t\t\t\t\t--><rs-layer\n\t\t\t\t\t\t\t\tid=\"slider-1-slide-5-layer-2\" \n\t\t\t\t\t\t\t\tclass=\"black\"\n\t\t\t\t\t\t\t\tdata-type=\"text\"\n\t\t\t\t\t\t\t\tdata-color=\"#000\"\n\t\t\t\t\t\t\t\tdata-rsp_ch=\"on\"\n\t\t\t\t\t\t\t\tdata-xy=\"x:c;y:c;yo:50px;\"\n\t\t\t\t\t\t\t\tdata-frame_1=\"st:2000;\"\n\t\t\t\t\t\t\t\tdata-frame_999=\"st:w;auto:true;\"\n\t\t\t\t\t\t\t\tstyle=\"z-index:6;font-family:'Roboto';text-shadow:none;\"\n\t\t\t\t\t\t\t><a href='http:\/\/www.charmedbyspain.com\/festivities\/' class='tp-button small'>FESTIVITIES<\/a> \n\t\t\t\t\t\t\t<\/rs-layer><!--\n-->\t\t\t\t\t\t<\/rs-slide>\n\t\t\t\t\t<\/rs-slides>\n\t\t\t\t<\/rs-module>\n\t\t\t\t<script>\n\t\t\t\t\tsetREVStartSize({c: 'rev_slider_1_1',rl:[1240,1024,778,480],el:[],gw:[960],gh:[350],type:'standard',justify:'',layout:'fullscreen',offsetContainer:'',offset:'',mh:\"0\"});if (window.RS_MODULES!==undefined && window.RS_MODULES.modules!==undefined && window.RS_MODULES.modules[\"revslider11\"]!==undefined) {window.RS_MODULES.modules[\"revslider11\"].once = false;window.revapi1 = undefined;if (window.RS_MODULES.checkMinimal!==undefined) window.RS_MODULES.checkMinimal()}\n\t\t\t\t<\/script>\n\t\t\t<\/rs-module-wrap>\n\t\t\t<!-- END REVOLUTION SLIDER -->\n\n<p>Al pensar en abrir tu propia empresa, te vienen a la mente un sinf\u00edn de dudas. En nuestro caso, la mayor parte de ellas quedaron pronto resueltas, dado que varios de nuestros socios fundadores cuentan ya con una dilatada experiencia empresarial en el sector tur\u00edstico, sin embargo, la pregunta que m\u00e1s quebraderos de cabeza nos caus\u00f3 era enga\u00f1osamente simple: qu\u00e9 nombre dar a la agencia.<\/p>\n<p>&nbsp;<\/p>\n<p>En primer lugar, tuvimos que decidir- y no fue f\u00e1cil- qu\u00e9 idioma utilizar. La opci\u00f3n m\u00e1s l\u00f3gica era escoger un nombre en espa\u00f1ol- al fin y al cabo somos espa\u00f1oles e intentamos promocionar Espa\u00f1a- pero, por otra parte, la mayor\u00eda de nuestros visitantes vienen del extranjero, por lo que podr\u00eda ser mejor elegir el Ingl\u00e9s\u2026y por qu\u00e9 no franc\u00e9s?, o, pens\u00e1ndolo mejor, de nuevo espa\u00f1ol, tomando en cuenta no s\u00f3lo el turismo interno sino tambi\u00e9n Latinoam\u00e9rica\u2026\u201cCharmed\u201d nos pareci\u00f3 la soluci\u00f3n perfecta, una palabra inglesa con origen lat\u00edn, casi id\u00e9ntica en franc\u00e9s y bien conocida en Latinoam\u00e9rica donde se emplea como sin\u00f3nimo de elegancia y estilo\u2026<\/p>\n<p>&nbsp;<\/p>\n<p>&nbsp;<\/p>\n<p>Me gusta pensar que nuestros viajes encarnan todas las definiciones possible de \u201ccharm\u201d: la atracci\u00f3n, la elegancia y gracia, y- por qu\u00e9 no- la magia. Con CharmedbySpain cada tour es \u00fanico, elaborado a partir de los ingredientes singulares que eligen nuestros clientes: los destinos, las experiencias, la duraci\u00f3n, los alojamientos\u2026en su creaci\u00f3n ponemos todo el cuidado de un alquimista (o una bruja) al mezclar sus pociones, pero \u00fanicamente el cliente puede descubrirnos el secreto de su coraz\u00f3n.<\/p>\n<p>&nbsp;<\/p>\n<p>\u00bfQu\u00e9 es lo que buscas? \u00bfun filtro amoroso?- una rom\u00e1ntica escapada para dos- \u00bfuna cura para el aburrimiento? \u00bfuna salida a la rutina?; tal vez algo mucho m\u00e1s poderoso, algo que te saque de tu zona de confort y te descubra un paisaje totalmente nuevo y un nuevo yo interior\u2026sea cual sea tu sue\u00f1o en este viaje, nosotros te escucharemos y te ayudaremos a hacerlo real.<\/p>\n<p>&nbsp;<\/p>\n<!-- AddThis Advanced Settings generic via filter on the_content --><!-- AddThis Share Buttons generic via filter on the_content -->","protected":false},"excerpt":{"rendered":"<p>Al pensar en abrir tu propia empresa, te vienen a la mente un sinf\u00edn de dudas. En nuestro caso, la mayor parte de ellas quedaron pronto resueltas, dado que varios de nuestros socios fundadores cuentan ya con una dilatada experiencia empresarial en el sector tur\u00edstico, sin [&hellip;]<!-- AddThis Advanced Settings generic via filter on get_the_excerpt --><!-- AddThis Share Buttons generic via filter on get_the_excerpt --><\/p>\n","protected":false},"author":2,"featured_media":0,"parent":0,"menu_order":0,"comment_status":"open","ping_status":"closed","template":"page_f.php","meta":{"_monsterinsights_skip_tracking":false,"_monsterinsights_sitenote_active":false,"_monsterinsights_sitenote_note":"","_monsterinsights_sitenote_category":0,"footnotes":""},"class_list":["post-3706","page","type-page","status-publish","hentry"],"yoast_head":"<!-- This site is optimized with the Yoast SEO plugin v27.4 - https:\/\/yoast.com\/product\/yoast-seo-wordpress\/ -->\n<title>Viajes de lujo a medida por Espa\u00f1a. Charmed by Spain<\/title>\n<meta name=\"description\" content=\"Viajes de lujo a medida por Espa\u00f1a. Servicios de la m\u00e1s alta calidad y experiencias extraordinarias.\" \/>\n<meta name=\"robots\" content=\"index, follow, max-snippet:-1, max-image-preview:large, max-video-preview:-1\" \/>\n<link rel=\"canonical\" href=\"https:\/\/www.charmedbyspain.com\/es\/\" \/>\n<meta property=\"og:locale\" content=\"es_ES\" \/>\n<meta property=\"og:type\" content=\"article\" \/>\n<meta property=\"og:title\" content=\"Viajes de lujo a medida por Espa\u00f1a. Charmed by Spain\" \/>\n<meta property=\"og:description\" content=\"Viajes de lujo a medida por Espa\u00f1a. Servicios de la m\u00e1s alta calidad y experiencias extraordinarias.\" \/>\n<meta property=\"og:url\" content=\"https:\/\/www.charmedbyspain.com\/es\/\" \/>\n<meta property=\"og:site_name\" content=\"CHARMED BY SPAIN\" \/>\n<meta property=\"article:modified_time\" content=\"2017-11-15T11:55:24+00:00\" \/>\n<meta property=\"og:image\" content=\"http:\/\/www.charmedbyspain.com\/wp-content\/uploads\/2014\/10\/shutterstock_133790012-300x200.jpg\" \/>\n<meta name=\"twitter:label1\" content=\"Tiempo de lectura\" \/>\n\t<meta name=\"twitter:data1\" content=\"2 minutos\" \/>\n<script type=\"application\/ld+json\" class=\"yoast-schema-graph\">{\"@context\":\"https:\\\/\\\/schema.org\",\"@graph\":[{\"@type\":\"WebPage\",\"@id\":\"https:\\\/\\\/www.charmedbyspain.com\\\/es\\\/\",\"url\":\"https:\\\/\\\/www.charmedbyspain.com\\\/es\\\/\",\"name\":\"Viajes de lujo a medida por Espa\u00f1a. Charmed by Spain\",\"isPartOf\":{\"@id\":\"http:\\\/\\\/www.charmedbyspain.com\\\/#website\"},\"primaryImageOfPage\":{\"@id\":\"https:\\\/\\\/www.charmedbyspain.com\\\/es\\\/#primaryimage\"},\"image\":{\"@id\":\"https:\\\/\\\/www.charmedbyspain.com\\\/es\\\/#primaryimage\"},\"thumbnailUrl\":\"http:\\\/\\\/www.charmedbyspain.com\\\/wp-content\\\/uploads\\\/2014\\\/10\\\/shutterstock_133790012-300x200.jpg\",\"datePublished\":\"2014-10-17T08:58:26+00:00\",\"dateModified\":\"2017-11-15T11:55:24+00:00\",\"description\":\"Viajes de lujo a medida por Espa\u00f1a. Servicios de la m\u00e1s alta calidad y experiencias extraordinarias.\",\"breadcrumb\":{\"@id\":\"https:\\\/\\\/www.charmedbyspain.com\\\/es\\\/#breadcrumb\"},\"inLanguage\":\"es\",\"potentialAction\":[{\"@type\":\"ReadAction\",\"target\":[\"https:\\\/\\\/www.charmedbyspain.com\\\/es\\\/\"]}]},{\"@type\":\"ImageObject\",\"inLanguage\":\"es\",\"@id\":\"https:\\\/\\\/www.charmedbyspain.com\\\/es\\\/#primaryimage\",\"url\":\"http:\\\/\\\/www.charmedbyspain.com\\\/wp-content\\\/uploads\\\/2014\\\/10\\\/shutterstock_133790012-300x200.jpg\",\"contentUrl\":\"http:\\\/\\\/www.charmedbyspain.com\\\/wp-content\\\/uploads\\\/2014\\\/10\\\/shutterstock_133790012-300x200.jpg\"},{\"@type\":\"BreadcrumbList\",\"@id\":\"https:\\\/\\\/www.charmedbyspain.com\\\/es\\\/#breadcrumb\",\"itemListElement\":[{\"@type\":\"ListItem\",\"position\":1,\"name\":\"Home\",\"item\":\"https:\\\/\\\/www.charmedbyspain.com\\\/es\\\/\"},{\"@type\":\"ListItem\",\"position\":2,\"name\":\"INICIO\"}]},{\"@type\":\"WebSite\",\"@id\":\"http:\\\/\\\/www.charmedbyspain.com\\\/#website\",\"url\":\"http:\\\/\\\/www.charmedbyspain.com\\\/\",\"name\":\"CHARMED BY SPAIN\",\"description\":\"A dedicated team, experts in Taylor made luxury travel in Spain\",\"potentialAction\":[{\"@type\":\"SearchAction\",\"target\":{\"@type\":\"EntryPoint\",\"urlTemplate\":\"http:\\\/\\\/www.charmedbyspain.com\\\/?s={search_term_string}\"},\"query-input\":{\"@type\":\"PropertyValueSpecification\",\"valueRequired\":true,\"valueName\":\"search_term_string\"}}],\"inLanguage\":\"es\"}]}<\/script>\n<!-- \/ Yoast SEO plugin. -->","yoast_head_json":{"title":"Viajes de lujo a medida por Espa\u00f1a. Charmed by Spain","description":"Viajes de lujo a medida por Espa\u00f1a. Servicios de la m\u00e1s alta calidad y experiencias extraordinarias.","robots":{"index":"index","follow":"follow","max-snippet":"max-snippet:-1","max-image-preview":"max-image-preview:large","max-video-preview":"max-video-preview:-1"},"canonical":"https:\/\/www.charmedbyspain.com\/es\/","og_locale":"es_ES","og_type":"article","og_title":"Viajes de lujo a medida por Espa\u00f1a. Charmed by Spain","og_description":"Viajes de lujo a medida por Espa\u00f1a. Servicios de la m\u00e1s alta calidad y experiencias extraordinarias.","og_url":"https:\/\/www.charmedbyspain.com\/es\/","og_site_name":"CHARMED BY SPAIN","article_modified_time":"2017-11-15T11:55:24+00:00","og_image":[{"url":"http:\/\/www.charmedbyspain.com\/wp-content\/uploads\/2014\/10\/shutterstock_133790012-300x200.jpg","type":"","width":"","height":""}],"twitter_misc":{"Tiempo de lectura":"2 minutos"},"schema":{"@context":"https:\/\/schema.org","@graph":[{"@type":"WebPage","@id":"https:\/\/www.charmedbyspain.com\/es\/","url":"https:\/\/www.charmedbyspain.com\/es\/","name":"Viajes de lujo a medida por Espa\u00f1a. Charmed by Spain","isPartOf":{"@id":"http:\/\/www.charmedbyspain.com\/#website"},"primaryImageOfPage":{"@id":"https:\/\/www.charmedbyspain.com\/es\/#primaryimage"},"image":{"@id":"https:\/\/www.charmedbyspain.com\/es\/#primaryimage"},"thumbnailUrl":"http:\/\/www.charmedbyspain.com\/wp-content\/uploads\/2014\/10\/shutterstock_133790012-300x200.jpg","datePublished":"2014-10-17T08:58:26+00:00","dateModified":"2017-11-15T11:55:24+00:00","description":"Viajes de lujo a medida por Espa\u00f1a. Servicios de la m\u00e1s alta calidad y experiencias extraordinarias.","breadcrumb":{"@id":"https:\/\/www.charmedbyspain.com\/es\/#breadcrumb"},"inLanguage":"es","potentialAction":[{"@type":"ReadAction","target":["https:\/\/www.charmedbyspain.com\/es\/"]}]},{"@type":"ImageObject","inLanguage":"es","@id":"https:\/\/www.charmedbyspain.com\/es\/#primaryimage","url":"http:\/\/www.charmedbyspain.com\/wp-content\/uploads\/2014\/10\/shutterstock_133790012-300x200.jpg","contentUrl":"http:\/\/www.charmedbyspain.com\/wp-content\/uploads\/2014\/10\/shutterstock_133790012-300x200.jpg"},{"@type":"BreadcrumbList","@id":"https:\/\/www.charmedbyspain.com\/es\/#breadcrumb","itemListElement":[{"@type":"ListItem","position":1,"name":"Home","item":"https:\/\/www.charmedbyspain.com\/es\/"},{"@type":"ListItem","position":2,"name":"INICIO"}]},{"@type":"WebSite","@id":"http:\/\/www.charmedbyspain.com\/#website","url":"http:\/\/www.charmedbyspain.com\/","name":"CHARMED BY SPAIN","description":"A dedicated team, experts in Taylor made luxury travel in Spain","potentialAction":[{"@type":"SearchAction","target":{"@type":"EntryPoint","urlTemplate":"http:\/\/www.charmedbyspain.com\/?s={search_term_string}"},"query-input":{"@type":"PropertyValueSpecification","valueRequired":true,"valueName":"search_term_string"}}],"inLanguage":"es"}]}},"_links":{"self":[{"href":"https:\/\/www.charmedbyspain.com\/es\/wp-json\/wp\/v2\/pages\/3706","targetHints":{"allow":["GET"]}}],"collection":[{"href":"https:\/\/www.charmedbyspain.com\/es\/wp-json\/wp\/v2\/pages"}],"about":[{"href":"https:\/\/www.charmedbyspain.com\/es\/wp-json\/wp\/v2\/types\/page"}],"author":[{"embeddable":true,"href":"https:\/\/www.charmedbyspain.com\/es\/wp-json\/wp\/v2\/users\/2"}],"replies":[{"embeddable":true,"href":"https:\/\/www.charmedbyspain.com\/es\/wp-json\/wp\/v2\/comments?post=3706"}],"version-history":[{"count":5,"href":"https:\/\/www.charmedbyspain.com\/es\/wp-json\/wp\/v2\/pages\/3706\/revisions"}],"predecessor-version":[{"id":4065,"href":"https:\/\/www.charmedbyspain.com\/es\/wp-json\/wp\/v2\/pages\/3706\/revisions\/4065"}],"wp:attachment":[{"href":"https:\/\/www.charmedbyspain.com\/es\/wp-json\/wp\/v2\/media?parent=3706"}],"curies":[{"name":"wp","href":"https:\/\/api.w.org\/{rel}","templated":true}]}}