{"id":3720,"date":"2014-10-14T09:29:24","date_gmt":"2014-10-14T07:29:24","guid":{"rendered":"http:\/\/www.charmedbyspain.com\/contact-us-2\/"},"modified":"2015-05-22T10:55:07","modified_gmt":"2015-05-22T08:55:07","slug":"contacto","status":"publish","type":"page","link":"https:\/\/www.charmedbyspain.com\/es\/contacto\/","title":{"rendered":"CONTACTO"},"content":{"rendered":"<h4 style=\"text-align: justify;\">Contacta con nosotros<\/h4>\n<p style=\"text-align: justify;\">Un mundo de historia, encanto y descubrimiento te espera en Espa\u00f1a. Nosotros estaremos encantados de dise\u00f1ar el viaje perfecto, que se ajuste a todos tus intereses, en el que puedas disfrutar cada d\u00eda a tu ritmo y seg\u00fan tus gustos.<\/p>\n<p style=\"text-align: justify;\">La mayor\u00eda de nuestros restaurantes, hoteles y veh\u00edculos se definen como \u00abde lujo\u00bb, y en efecto lo son, pero el verdadero lujo de nuestros viajes va m\u00e1s all\u00e1 de la comodidad o la ostentaci\u00f3n, se encuentra en la atenci\u00f3n personalizada, el cuidado por el detalle, y el respeto a las opiniones y deseos de nuestros clientes. Tu viaje te pertenece a ti, nosotros s\u00f3lo somos un instrumento para ayudarte a crearlo.<\/p>\n<h4 style=\"text-align: justify;\">C\u00f3mo funciona<\/h4>\n<p style=\"text-align: justify;\">Env\u00edanos un e-mail, o un formulario de contacto, y danos detalles de tu viaje so\u00f1ado a Espa\u00f1a: cu\u00e1ntas personas ser\u00e9is, cu\u00e1ndo quer\u00e9is viajar, y vuestros destinos y actividades preferidos. Cuanta m\u00e1s informaci\u00f3n nos facilites acerca del viaje que planeas -y tambi\u00e9n acerca de ti mismo, tus gustos y aficiones- m\u00e1s f\u00e1cil nos ser\u00e1 dise\u00f1ar un tour que se ajuste perfectamente a lo que deseas.<\/p>\n<p style=\"text-align: justify;\">Nos pondremos en contacto contigo entre 24 y 48 horas tras la recepci\u00f3n de tu e-mail o formulario, con una propuesta inicial. Se te explicar\u00e1 y consultar\u00e1 cada detalle de tu viaje, y todo estar\u00e1 sujeto a tu decisi\u00f3n y acuerdo final.<\/p>\n<p style=\"text-align: justify;\">Cualquier duda, consulta o informaci\u00f3n que necesites antes, durante y despu\u00e9s de tu viaje, contacta con nosotros: recuerda, estamos aqu\u00ed por ti.<\/p>\n","protected":false},"excerpt":{"rendered":"<p>Contacta con nosotros Un mundo de historia, encanto y descubrimiento te espera en Espa\u00f1a. Nosotros estaremos encantados de dise\u00f1ar el viaje perfecto, que se ajuste a todos tus intereses, en el que puedas disfrutar cada d\u00eda a tu ritmo y seg\u00fan tus gustos. La mayor\u00eda de [&hellip;]<\/p>\n","protected":false},"author":2,"featured_media":2749,"parent":0,"menu_order":0,"comment_status":"open","ping_status":"closed","template":"contact-map.php","meta":{"_monsterinsights_skip_tracking":false,"_monsterinsights_sitenote_active":false,"_monsterinsights_sitenote_note":"","_monsterinsights_sitenote_category":0,"footnotes":""},"class_list":["post-3720","page","type-page","status-publish","has-post-thumbnail","hentry"],"yoast_head":"<!-- This site is optimized with the Yoast SEO plugin v27.4 - https:\/\/yoast.com\/product\/yoast-seo-wordpress\/ -->\n<title>CONTACTO - CHARMED BY SPAIN<\/title>\n<meta name=\"robots\" content=\"index, follow, max-snippet:-1, max-image-preview:large, max-video-preview:-1\" \/>\n<link rel=\"canonical\" href=\"https:\/\/www.charmedbyspain.com\/es\/contacto\/\" \/>\n<meta property=\"og:locale\" content=\"es_ES\" \/>\n<meta property=\"og:type\" content=\"article\" \/>\n<meta property=\"og:title\" content=\"CONTACTO - CHARMED BY SPAIN\" \/>\n<meta property=\"og:description\" content=\"Contacta con nosotros Un mundo de historia, encanto y descubrimiento te espera en Espa\u00f1a. Nosotros estaremos encantados de dise\u00f1ar el viaje perfecto, que se ajuste a todos tus intereses, en el que puedas disfrutar cada d\u00eda a tu ritmo y seg\u00fan tus gustos. La mayor\u00eda de [&hellip;]\" \/>\n<meta property=\"og:url\" content=\"https:\/\/www.charmedbyspain.com\/es\/contacto\/\" \/>\n<meta property=\"og:site_name\" content=\"CHARMED BY SPAIN\" \/>\n<meta property=\"article:modified_time\" content=\"2015-05-22T08:55:07+00:00\" \/>\n<meta property=\"og:image\" content=\"https:\/\/www.charmedbyspain.com\/wp-content\/uploads\/2014\/10\/1600x1200-12.jpg\" \/>\n\t<meta property=\"og:image:width\" content=\"1500\" \/>\n\t<meta property=\"og:image:height\" content=\"1125\" \/>\n\t<meta property=\"og:image:type\" content=\"image\/jpeg\" \/>\n<meta name=\"twitter:label1\" content=\"Tiempo de lectura\" \/>\n\t<meta name=\"twitter:data1\" content=\"1 minuto\" \/>\n<script type=\"application\/ld+json\" class=\"yoast-schema-graph\">{\"@context\":\"https:\\\/\\\/schema.org\",\"@graph\":[{\"@type\":\"WebPage\",\"@id\":\"https:\\\/\\\/www.charmedbyspain.com\\\/es\\\/contacto\\\/\",\"url\":\"https:\\\/\\\/www.charmedbyspain.com\\\/es\\\/contacto\\\/\",\"name\":\"CONTACTO - CHARMED BY SPAIN\",\"isPartOf\":{\"@id\":\"http:\\\/\\\/www.charmedbyspain.com\\\/#website\"},\"primaryImageOfPage\":{\"@id\":\"https:\\\/\\\/www.charmedbyspain.com\\\/es\\\/contacto\\\/#primaryimage\"},\"image\":{\"@id\":\"https:\\\/\\\/www.charmedbyspain.com\\\/es\\\/contacto\\\/#primaryimage\"},\"thumbnailUrl\":\"https:\\\/\\\/www.charmedbyspain.com\\\/wp-content\\\/uploads\\\/2014\\\/10\\\/1600x1200-12.jpg\",\"datePublished\":\"2014-10-14T07:29:24+00:00\",\"dateModified\":\"2015-05-22T08:55:07+00:00\",\"breadcrumb\":{\"@id\":\"https:\\\/\\\/www.charmedbyspain.com\\\/es\\\/contacto\\\/#breadcrumb\"},\"inLanguage\":\"es\",\"potentialAction\":[{\"@type\":\"ReadAction\",\"target\":[\"https:\\\/\\\/www.charmedbyspain.com\\\/es\\\/contacto\\\/\"]}]},{\"@type\":\"ImageObject\",\"inLanguage\":\"es\",\"@id\":\"https:\\\/\\\/www.charmedbyspain.com\\\/es\\\/contacto\\\/#primaryimage\",\"url\":\"https:\\\/\\\/www.charmedbyspain.com\\\/wp-content\\\/uploads\\\/2014\\\/10\\\/1600x1200-12.jpg\",\"contentUrl\":\"https:\\\/\\\/www.charmedbyspain.com\\\/wp-content\\\/uploads\\\/2014\\\/10\\\/1600x1200-12.jpg\",\"width\":1500,\"height\":1125,\"caption\":\"East Europe Lake\"},{\"@type\":\"BreadcrumbList\",\"@id\":\"https:\\\/\\\/www.charmedbyspain.com\\\/es\\\/contacto\\\/#breadcrumb\",\"itemListElement\":[{\"@type\":\"ListItem\",\"position\":1,\"name\":\"Home\",\"item\":\"https:\\\/\\\/www.charmedbyspain.com\\\/es\\\/\"},{\"@type\":\"ListItem\",\"position\":2,\"name\":\"CONTACTO\"}]},{\"@type\":\"WebSite\",\"@id\":\"http:\\\/\\\/www.charmedbyspain.com\\\/#website\",\"url\":\"http:\\\/\\\/www.charmedbyspain.com\\\/\",\"name\":\"CHARMED BY SPAIN\",\"description\":\"A dedicated team, experts in Taylor made luxury travel in Spain\",\"potentialAction\":[{\"@type\":\"SearchAction\",\"target\":{\"@type\":\"EntryPoint\",\"urlTemplate\":\"http:\\\/\\\/www.charmedbyspain.com\\\/?s={search_term_string}\"},\"query-input\":{\"@type\":\"PropertyValueSpecification\",\"valueRequired\":true,\"valueName\":\"search_term_string\"}}],\"inLanguage\":\"es\"}]}<\/script>\n<!-- \/ Yoast SEO plugin. -->","yoast_head_json":{"title":"CONTACTO - CHARMED BY SPAIN","robots":{"index":"index","follow":"follow","max-snippet":"max-snippet:-1","max-image-preview":"max-image-preview:large","max-video-preview":"max-video-preview:-1"},"canonical":"https:\/\/www.charmedbyspain.com\/es\/contacto\/","og_locale":"es_ES","og_type":"article","og_title":"CONTACTO - CHARMED BY SPAIN","og_description":"Contacta con nosotros Un mundo de historia, encanto y descubrimiento te espera en Espa\u00f1a. Nosotros estaremos encantados de dise\u00f1ar el viaje perfecto, que se ajuste a todos tus intereses, en el que puedas disfrutar cada d\u00eda a tu ritmo y seg\u00fan tus gustos. La mayor\u00eda de [&hellip;]","og_url":"https:\/\/www.charmedbyspain.com\/es\/contacto\/","og_site_name":"CHARMED BY SPAIN","article_modified_time":"2015-05-22T08:55:07+00:00","og_image":[{"width":1500,"height":1125,"url":"https:\/\/www.charmedbyspain.com\/wp-content\/uploads\/2014\/10\/1600x1200-12.jpg","type":"image\/jpeg"}],"twitter_misc":{"Tiempo de lectura":"1 minuto"},"schema":{"@context":"https:\/\/schema.org","@graph":[{"@type":"WebPage","@id":"https:\/\/www.charmedbyspain.com\/es\/contacto\/","url":"https:\/\/www.charmedbyspain.com\/es\/contacto\/","name":"CONTACTO - CHARMED BY SPAIN","isPartOf":{"@id":"http:\/\/www.charmedbyspain.com\/#website"},"primaryImageOfPage":{"@id":"https:\/\/www.charmedbyspain.com\/es\/contacto\/#primaryimage"},"image":{"@id":"https:\/\/www.charmedbyspain.com\/es\/contacto\/#primaryimage"},"thumbnailUrl":"https:\/\/www.charmedbyspain.com\/wp-content\/uploads\/2014\/10\/1600x1200-12.jpg","datePublished":"2014-10-14T07:29:24+00:00","dateModified":"2015-05-22T08:55:07+00:00","breadcrumb":{"@id":"https:\/\/www.charmedbyspain.com\/es\/contacto\/#breadcrumb"},"inLanguage":"es","potentialAction":[{"@type":"ReadAction","target":["https:\/\/www.charmedbyspain.com\/es\/contacto\/"]}]},{"@type":"ImageObject","inLanguage":"es","@id":"https:\/\/www.charmedbyspain.com\/es\/contacto\/#primaryimage","url":"https:\/\/www.charmedbyspain.com\/wp-content\/uploads\/2014\/10\/1600x1200-12.jpg","contentUrl":"https:\/\/www.charmedbyspain.com\/wp-content\/uploads\/2014\/10\/1600x1200-12.jpg","width":1500,"height":1125,"caption":"East Europe Lake"},{"@type":"BreadcrumbList","@id":"https:\/\/www.charmedbyspain.com\/es\/contacto\/#breadcrumb","itemListElement":[{"@type":"ListItem","position":1,"name":"Home","item":"https:\/\/www.charmedbyspain.com\/es\/"},{"@type":"ListItem","position":2,"name":"CONTACTO"}]},{"@type":"WebSite","@id":"http:\/\/www.charmedbyspain.com\/#website","url":"http:\/\/www.charmedbyspain.com\/","name":"CHARMED BY SPAIN","description":"A dedicated team, experts in Taylor made luxury travel in Spain","potentialAction":[{"@type":"SearchAction","target":{"@type":"EntryPoint","urlTemplate":"http:\/\/www.charmedbyspain.com\/?s={search_term_string}"},"query-input":{"@type":"PropertyValueSpecification","valueRequired":true,"valueName":"search_term_string"}}],"inLanguage":"es"}]}},"_links":{"self":[{"href":"https:\/\/www.charmedbyspain.com\/es\/wp-json\/wp\/v2\/pages\/3720","targetHints":{"allow":["GET"]}}],"collection":[{"href":"https:\/\/www.charmedbyspain.com\/es\/wp-json\/wp\/v2\/pages"}],"about":[{"href":"https:\/\/www.charmedbyspain.com\/es\/wp-json\/wp\/v2\/types\/page"}],"author":[{"embeddable":true,"href":"https:\/\/www.charmedbyspain.com\/es\/wp-json\/wp\/v2\/users\/2"}],"replies":[{"embeddable":true,"href":"https:\/\/www.charmedbyspain.com\/es\/wp-json\/wp\/v2\/comments?post=3720"}],"version-history":[{"count":6,"href":"https:\/\/www.charmedbyspain.com\/es\/wp-json\/wp\/v2\/pages\/3720\/revisions"}],"predecessor-version":[{"id":4191,"href":"https:\/\/www.charmedbyspain.com\/es\/wp-json\/wp\/v2\/pages\/3720\/revisions\/4191"}],"wp:featuredmedia":[{"embeddable":true,"href":"https:\/\/www.charmedbyspain.com\/es\/wp-json\/wp\/v2\/media\/2749"}],"wp:attachment":[{"href":"https:\/\/www.charmedbyspain.com\/es\/wp-json\/wp\/v2\/media?parent=3720"}],"curies":[{"name":"wp","href":"https:\/\/api.w.org\/{rel}","templated":true}]}}