{"id":3899,"date":"2015-04-13T11:22:35","date_gmt":"2015-04-13T09:22:35","guid":{"rendered":"http:\/\/www.charmedbyspain.com\/?page_id=3899"},"modified":"2015-04-15T09:57:42","modified_gmt":"2015-04-15T07:57:42","slug":"aviso-legal","status":"publish","type":"page","link":"https:\/\/www.charmedbyspain.com\/es\/aviso-legal\/","title":{"rendered":"AVISO LEGAL"},"content":{"rendered":"<p>Para cumplir lo establecido en la Ley 34\/2002 de 11 de julio, de servicios de la sociedad de la informaci\u00f3n y de comercio electr\u00f3nico, a continuaci\u00f3n se indican los datos de informaci\u00f3n general de este sitio web.<\/p>\n<p>www.charmedbyspain.com y www.charmedbyspain.es son propiedad de la empresa CHARMED BY SPAIN, S.L., con CIF B-87197620, C.I.C.M.A-3136, y domicilio en el Paseo de las Delicias, 5\u00aa planta, oficina 3, 28045 de Madrid.<\/p>\n<p>Esta sociedad est\u00e1 inscrita en el Registro Mercantil de Madrid, en el tomo 33086, folio 43, inscripci\u00f3n 1, con hoja M-595490.<\/p>\n<p>Pueden contactar con Charmed by Spain, S.L. en el tel\u00e9fono 918263194, o a trav\u00e9s del correo electr\u00f3nico info@charmedbyspain.com<\/p>\n<p>&nbsp;<\/p>\n<h4>Contrataci\u00f3n de Servicios<\/h4>\n<p>Los contenidos de la presente web tienen car\u00e1cter informativo, y no constituyen por s\u00ed mismos una oferta contractual. Charmed by Spain, S.L. le facilitar\u00e1 con car\u00e1cter precontractual informaci\u00f3n y presupuesto detallado de su viaje personalizado, seg\u00fan lo dispuesto en el Libro IV del RDL 1\/2007, Ley General para la Defensa de Consumidores y Usuarios, cuyas disposiciones se seguir\u00e1n igualmente para todo el proceso de oferta, contrataci\u00f3n y ejecuci\u00f3n de los servicios.<\/p>\n<p>En caso de rescisi\u00f3n de contrato, nos remitimos asimismo a las disposiciones contenidas en dicha legislaci\u00f3n, especialmente en su T\u00edtulo II, art\u00edculos 159 y 160.<\/p>\n<!-- AddThis Advanced Settings generic via filter on the_content --><!-- AddThis Share Buttons generic via filter on the_content -->","protected":false},"excerpt":{"rendered":"<p>Para cumplir lo establecido en la Ley 34\/2002 de 11 de julio, de servicios de la sociedad de la informaci\u00f3n y de comercio electr\u00f3nico, a continuaci\u00f3n se indican los datos de informaci\u00f3n general de este sitio web. www.charmedbyspain.com y www.charmedbyspain.es son propiedad de la empresa CHARMED [&hellip;]<!-- AddThis Advanced Settings generic via filter on get_the_excerpt --><!-- AddThis Share Buttons generic via filter on get_the_excerpt --><\/p>\n","protected":false},"author":2,"featured_media":0,"parent":0,"menu_order":0,"comment_status":"open","ping_status":"closed","template":"","meta":{"_monsterinsights_skip_tracking":false,"_monsterinsights_sitenote_active":false,"_monsterinsights_sitenote_note":"","_monsterinsights_sitenote_category":0,"footnotes":""},"class_list":["post-3899","page","type-page","status-publish","hentry"],"yoast_head":"<!-- This site is optimized with the Yoast SEO plugin v27.4 - https:\/\/yoast.com\/product\/yoast-seo-wordpress\/ -->\n<title>AVISO LEGAL - CHARMED BY SPAIN<\/title>\n<meta name=\"robots\" content=\"index, follow, max-snippet:-1, max-image-preview:large, max-video-preview:-1\" \/>\n<link rel=\"canonical\" href=\"http:\/\/www.charmedbyspain.com\/es\/aviso-legal\/\" \/>\n<meta property=\"og:locale\" content=\"es_ES\" \/>\n<meta property=\"og:type\" content=\"article\" \/>\n<meta property=\"og:title\" content=\"AVISO LEGAL - CHARMED BY SPAIN\" \/>\n<meta property=\"og:description\" content=\"Para cumplir lo establecido en la Ley 34\/2002 de 11 de julio, de servicios de la sociedad de la informaci\u00f3n y de comercio electr\u00f3nico, a continuaci\u00f3n se indican los datos de informaci\u00f3n general de este sitio web. www.charmedbyspain.com y www.charmedbyspain.es son propiedad de la empresa CHARMED [&hellip;]\" \/>\n<meta property=\"og:url\" content=\"http:\/\/www.charmedbyspain.com\/es\/aviso-legal\/\" \/>\n<meta property=\"og:site_name\" content=\"CHARMED BY SPAIN\" \/>\n<meta property=\"article:modified_time\" content=\"2015-04-15T07:57:42+00:00\" \/>\n<meta name=\"twitter:label1\" content=\"Tiempo de lectura\" \/>\n\t<meta name=\"twitter:data1\" content=\"1 minuto\" \/>\n<script type=\"application\/ld+json\" class=\"yoast-schema-graph\">{\"@context\":\"https:\\\/\\\/schema.org\",\"@graph\":[{\"@type\":\"WebPage\",\"@id\":\"http:\\\/\\\/www.charmedbyspain.com\\\/es\\\/aviso-legal\\\/\",\"url\":\"http:\\\/\\\/www.charmedbyspain.com\\\/es\\\/aviso-legal\\\/\",\"name\":\"AVISO LEGAL - CHARMED BY SPAIN\",\"isPartOf\":{\"@id\":\"http:\\\/\\\/www.charmedbyspain.com\\\/#website\"},\"datePublished\":\"2015-04-13T09:22:35+00:00\",\"dateModified\":\"2015-04-15T07:57:42+00:00\",\"breadcrumb\":{\"@id\":\"http:\\\/\\\/www.charmedbyspain.com\\\/es\\\/aviso-legal\\\/#breadcrumb\"},\"inLanguage\":\"es\",\"potentialAction\":[{\"@type\":\"ReadAction\",\"target\":[\"http:\\\/\\\/www.charmedbyspain.com\\\/es\\\/aviso-legal\\\/\"]}]},{\"@type\":\"BreadcrumbList\",\"@id\":\"http:\\\/\\\/www.charmedbyspain.com\\\/es\\\/aviso-legal\\\/#breadcrumb\",\"itemListElement\":[{\"@type\":\"ListItem\",\"position\":1,\"name\":\"Home\",\"item\":\"https:\\\/\\\/www.charmedbyspain.com\\\/es\\\/\"},{\"@type\":\"ListItem\",\"position\":2,\"name\":\"AVISO LEGAL\"}]},{\"@type\":\"WebSite\",\"@id\":\"http:\\\/\\\/www.charmedbyspain.com\\\/#website\",\"url\":\"http:\\\/\\\/www.charmedbyspain.com\\\/\",\"name\":\"CHARMED BY SPAIN\",\"description\":\"A dedicated team, experts in Taylor made luxury travel in Spain\",\"potentialAction\":[{\"@type\":\"SearchAction\",\"target\":{\"@type\":\"EntryPoint\",\"urlTemplate\":\"http:\\\/\\\/www.charmedbyspain.com\\\/?s={search_term_string}\"},\"query-input\":{\"@type\":\"PropertyValueSpecification\",\"valueRequired\":true,\"valueName\":\"search_term_string\"}}],\"inLanguage\":\"es\"}]}<\/script>\n<!-- \/ Yoast SEO plugin. -->","yoast_head_json":{"title":"AVISO LEGAL - CHARMED BY SPAIN","robots":{"index":"index","follow":"follow","max-snippet":"max-snippet:-1","max-image-preview":"max-image-preview:large","max-video-preview":"max-video-preview:-1"},"canonical":"http:\/\/www.charmedbyspain.com\/es\/aviso-legal\/","og_locale":"es_ES","og_type":"article","og_title":"AVISO LEGAL - CHARMED BY SPAIN","og_description":"Para cumplir lo establecido en la Ley 34\/2002 de 11 de julio, de servicios de la sociedad de la informaci\u00f3n y de comercio electr\u00f3nico, a continuaci\u00f3n se indican los datos de informaci\u00f3n general de este sitio web. www.charmedbyspain.com y www.charmedbyspain.es son propiedad de la empresa CHARMED [&hellip;]","og_url":"http:\/\/www.charmedbyspain.com\/es\/aviso-legal\/","og_site_name":"CHARMED BY SPAIN","article_modified_time":"2015-04-15T07:57:42+00:00","twitter_misc":{"Tiempo de lectura":"1 minuto"},"schema":{"@context":"https:\/\/schema.org","@graph":[{"@type":"WebPage","@id":"http:\/\/www.charmedbyspain.com\/es\/aviso-legal\/","url":"http:\/\/www.charmedbyspain.com\/es\/aviso-legal\/","name":"AVISO LEGAL - CHARMED BY SPAIN","isPartOf":{"@id":"http:\/\/www.charmedbyspain.com\/#website"},"datePublished":"2015-04-13T09:22:35+00:00","dateModified":"2015-04-15T07:57:42+00:00","breadcrumb":{"@id":"http:\/\/www.charmedbyspain.com\/es\/aviso-legal\/#breadcrumb"},"inLanguage":"es","potentialAction":[{"@type":"ReadAction","target":["http:\/\/www.charmedbyspain.com\/es\/aviso-legal\/"]}]},{"@type":"BreadcrumbList","@id":"http:\/\/www.charmedbyspain.com\/es\/aviso-legal\/#breadcrumb","itemListElement":[{"@type":"ListItem","position":1,"name":"Home","item":"https:\/\/www.charmedbyspain.com\/es\/"},{"@type":"ListItem","position":2,"name":"AVISO LEGAL"}]},{"@type":"WebSite","@id":"http:\/\/www.charmedbyspain.com\/#website","url":"http:\/\/www.charmedbyspain.com\/","name":"CHARMED BY SPAIN","description":"A dedicated team, experts in Taylor made luxury travel in Spain","potentialAction":[{"@type":"SearchAction","target":{"@type":"EntryPoint","urlTemplate":"http:\/\/www.charmedbyspain.com\/?s={search_term_string}"},"query-input":{"@type":"PropertyValueSpecification","valueRequired":true,"valueName":"search_term_string"}}],"inLanguage":"es"}]}},"_links":{"self":[{"href":"https:\/\/www.charmedbyspain.com\/es\/wp-json\/wp\/v2\/pages\/3899","targetHints":{"allow":["GET"]}}],"collection":[{"href":"https:\/\/www.charmedbyspain.com\/es\/wp-json\/wp\/v2\/pages"}],"about":[{"href":"https:\/\/www.charmedbyspain.com\/es\/wp-json\/wp\/v2\/types\/page"}],"author":[{"embeddable":true,"href":"https:\/\/www.charmedbyspain.com\/es\/wp-json\/wp\/v2\/users\/2"}],"replies":[{"embeddable":true,"href":"https:\/\/www.charmedbyspain.com\/es\/wp-json\/wp\/v2\/comments?post=3899"}],"version-history":[{"count":3,"href":"https:\/\/www.charmedbyspain.com\/es\/wp-json\/wp\/v2\/pages\/3899\/revisions"}],"predecessor-version":[{"id":4003,"href":"https:\/\/www.charmedbyspain.com\/es\/wp-json\/wp\/v2\/pages\/3899\/revisions\/4003"}],"wp:attachment":[{"href":"https:\/\/www.charmedbyspain.com\/es\/wp-json\/wp\/v2\/media?parent=3899"}],"curies":[{"name":"wp","href":"https:\/\/api.w.org\/{rel}","templated":true}]}}